{"id":4277,"date":"2018-01-19T18:20:22","date_gmt":"2018-01-19T17:20:22","guid":{"rendered":"https:\/\/www.collelago.it\/uliveto-e-olio\/"},"modified":"2026-04-17T17:02:00","modified_gmt":"2026-04-17T15:02:00","slug":"olivenhain-und-oel","status":"publish","type":"page","link":"https:\/\/www.collelago.it\/de\/olivenhain-und-oel\/","title":{"rendered":"IGP-Olivenhain"},"content":{"rendered":"<div class=\"wpb-content-wrapper\">[mk_page_section bg_image=&#8220;https:\/\/www.collelago.it\/wp-content\/uploads\/2024\/12\/collelago_raccolta-olive-29.jpg&#8220; bg_position=&#8220;center top&#8220; bg_repeat=&#8220;no-repeat&#8220; bg_stretch=&#8220;true&#8220; enable_3d=&#8220;true&#8220; bg_gradient=&#8220;vertical&#8220; video_color_mask=&#8220;rgba(60,50,46,0.9)&#8220; gr_end=&#8220;rgba(60,50,46,0.2)&#8220; video_opacity=&#8220;0.65&#8243; full_height=&#8220;true&#8220; skip_arrow=&#8220;true&#8220; sidebar=&#8220;sidebar-1&#8243;][vc_column width=&#8220;1\/4&#8243;][\/vc_column][vc_column width=&#8220;1\/2&#8243;][mk_ornamental_title tag_name=&#8220;h1&#8243; text_color=&#8220;#fafafa&#8220; font_family=&#8220;Playfair+Display&#8220; font_type=&#8220;google&#8220; font_size=&#8220;52&#8243; font_weight=&#8220;400&#8243; font_style=&#8220;normal&#8220; txt_transform=&#8220;none&#8220; ornament_style=&#8220;rovi-double&#8220; ornament_color=&#8220;rgba(250,250,250,0)&#8220; animation=&#8220;fade-in&#8220;]\n<p style=\"text-align: center;\">OLIVEN\u00d6L<\/p>\n[\/mk_ornamental_title][\/vc_column][vc_column width=&#8220;1\/4&#8243;][\/vc_column][\/mk_page_section][vc_row fullwidth=&#8220;true&#8220; fullwidth_content=&#8220;false&#8220; visibility=&#8220;hidden-sm&#8220; css=&#8220;.vc_custom_1726577536827{padding-top: 60px !important;padding-bottom: 60px !important;background-color: #ffffff !important;}&#8220;][vc_column width=&#8220;1\/2&#8243;][mk_image src=&#8220;https:\/\/www.collelago.it\/wp-content\/uploads\/2025\/02\/collelago_raccolta-olive-119.jpg&#8220; image_size=&#8220;full&#8220; animation=&#8220;fade-in&#8220;][\/vc_column][vc_column width=&#8220;1\/2&#8243; css=&#8220;.vc_custom_1702898666136{padding-left: 60px !important;}&#8220;][mk_fancy_title tag_name=&#8220;h4&#8243; color=&#8220;#3c3234&#8243; size=&#8220;34&#8243; font_weight=&#8220;400&#8243; font_style=&#8220;normal&#8220; txt_transform=&#8220;none&#8220; font_family=&#8220;Playfair+Display&#8220; font_type=&#8220;google&#8220; responsive_align=&#8220;left&#8220; animation=&#8220;left-to-right&#8220;]Der Olivenhain[\/mk_fancy_title][vc_column_text disable_pattern=&#8220;false&#8220; animation=&#8220;left-to-right&#8220; css=&#8220;.vc_custom_1743533533789{margin-bottom: 0px !important;}&#8220;]In Collelago gibt es <strong>6 Hektar Olivenhain IGP<\/strong>, wo die <strong>Biodiversit\u00e4t<\/strong> das vorherrschende Merkmal ist. Es gibt etwa <strong>1200 Olivenb\u00e4ume<\/strong>, die auf <strong>12 typische Sorten aus den Marken<\/strong> aufgeteilt sind und das <strong>biologische Oliven\u00f6l &#8222;Collelago\u201c<\/strong> hervorbringen.<\/p>\n<p>Die <strong>Produktionszone<\/strong> ist in Massignano umgeben, eine H\u00fcgelgegend in einer H\u00f6he von etwa 180 m \u00fc.d.M. und nur 4 km von der K\u00fcste entfernt, wo im <strong>Zusammenspiel von Land und Meer<\/strong> besonders wertvolle und g\u00fcnstige Bedingungen f\u00fcr den Olivenanbau geschaffen werden.<\/p>\n<p>Das Land wird der <strong>Spontanbegr\u00fcnung \u00fcberlassen<\/strong>. Nach der Wiederaufnahme der vegetativen Phase folgen die Phasen des Schneidens, D\u00fcngens und Beschneidens.<\/p>\n<p>Die <strong>Beschneidung<\/strong> wird von erfahrenen H\u00e4nden durchgef\u00fchrt, die \u00fcbersch\u00fcssige \u00c4ste entfernen und die Pflanze formen, um ideale Bedingungen f\u00fcr die Produktion von sch\u00f6nen und gesunden Oliven zu schaffen. Die <strong>manuelle Ernte<\/strong> erfolgt, wenn die Olivenfarbe von gr\u00fcn zu violett wechselt, um den optimalen Reifegrad und einen hohen Gehalt an Polyphenolen sowie ausgepr\u00e4gte organoleptische Eigenschaften zu gew\u00e4hrleisten.<\/p>\n<p>Am Ende des Erntetages sind die Oliven <strong>in weniger als 12 Stunden<\/strong> bereits in der <strong>M\u00fchle<\/strong> und werden mit einer Mori High-End-Durchlaufanlage verarbeitet. <strong>Die Temperatur<\/strong> w\u00e4hrend des Prozesses ist konstant und <strong>liegt unter 27\u00b0<\/strong>.<\/p>\n<p><strong>Die Extraktion erfolgt in zwei Stufen<\/strong>, was den Vorteil hat, dass weniger Wasser verwendet wird und die wasserl\u00f6slichen Wirkstoffe des \u00d6ls, wie die Polyphenole, erhalten bleiben.<\/p>\n<p>Das <strong>Endprodukt<\/strong>, wird ausschlie\u00dflich durch Karton gefiltert und in Edelstahlbeh\u00e4lter aufbewahrt, somit von Licht gesch\u00fctzt und bei einer konstanten Temperatur zwischen 14\u00b0 und 18\u00b0 Grad gelagert.[\/vc_column_text][\/vc_column][\/vc_row][vc_row fullwidth=&#8220;true&#8220; fullwidth_content=&#8220;false&#8220; visibility=&#8220;hidden-sm&#8220; css=&#8220;.vc_custom_1734253039181{padding-top: 30px !important;padding-bottom: 60px !important;background-color: #ffffff !important;}&#8220;][vc_column width=&#8220;1\/2&#8243;][mk_fancy_title tag_name=&#8220;h4&#8243; color=&#8220;#3c3234&#8243; size=&#8220;34&#8243; font_weight=&#8220;400&#8243; font_style=&#8220;normal&#8220; txt_transform=&#8220;none&#8220; font_family=&#8220;Playfair+Display&#8220; font_type=&#8220;google&#8220; responsive_align=&#8220;left&#8220; animation=&#8220;left-to-right&#8220;]Blend Oliven\u00f6l Collelago[\/mk_fancy_title][vc_column_text disable_pattern=&#8220;false&#8220; animation=&#8220;left-to-right&#8220; css=&#8220;.vc_custom_1776438125251{margin-bottom: 0px !important;}&#8220;]Das Blend Olio Collelago wird aus insgesamt <strong>11 autochthonen Sorten<\/strong> gewonnen, die je nach Saison in variabler Menge vorhanden sind. Ascolana Tenera, Carboncella, Coroncina, Leccino, Nebbia della Menocchia, Orbetana, Piantone di Falerone, Piantone di Mogliano, Raggia, Rosciola Colli Esini, Sargano di Fermo machen, jede mit ihren eigenen Eigenschaften, das Oliven\u00f6l evo bio Collelago jedes Jahr einzigartig und reichhaltig.<\/p>\n<p>Erh\u00e4ltlich in 3 Formaten: <strong>Bag in Box 5 LT<\/strong> und <strong>Flaschen 0,75 und 0,25 LT<\/strong>.<\/p>\n<p><strong>PREISE UND AUSZEICHNUNGEN:<\/strong><\/p>\n<p><strong>Gambero Rosso Oli D&#8217;Italia 2025<\/strong><\/p>\n<p>-Due Foglie<\/p>\n<p><strong>L\u2019Oro delle Marche 2024, OLEA<\/strong><br \/>\n&#8211; Primo premio Oro Bio<br \/>\n&#8211; Primo premio Categoria \u201cfruttato intenso\u201d<br \/>\n&#8211; 5 Gocce d\u2019oro O.L.E.A<br \/>\n&#8211; Lode di eccellenza<\/p>\n<p><strong>Slow Food &#8211; Guida Extravergini 2025 + 2026<\/strong><\/p>\n<p>-Premio Grande Olio Slow[\/vc_column_text][vc_gallery type=&#8220;image_grid&#8220; images=&#8220;4684,4587,4584&#8243; img_size=&#8220;100&#215;100&#8243; onclick=&#8220;&#8220;][\/vc_column][vc_column width=&#8220;1\/2&#8243; css=&#8220;.vc_custom_1702898666136{padding-left: 60px !important;}&#8220;][mk_image src=&#8220;https:\/\/www.collelago.it\/wp-content\/uploads\/2025\/02\/collelago_olio_bottiglia-075.jpg&#8220; image_size=&#8220;full&#8220; animation=&#8220;fade-in&#8220;][\/vc_column][\/vc_row][vc_row fullwidth=&#8220;true&#8220; fullwidth_content=&#8220;false&#8220; visibility=&#8220;hidden-sm&#8220; css=&#8220;.vc_custom_1732264521448{padding-top: 60px !important;padding-bottom: 60px !important;background-color: #ffffff !important;}&#8220;][vc_column width=&#8220;1\/2&#8243;][mk_image src=&#8220;https:\/\/www.collelago.it\/wp-content\/uploads\/2025\/02\/collelago_olio-monovarietale-di-raggia.jpg&#8220; image_size=&#8220;full&#8220; animation=&#8220;fade-in&#8220;][\/vc_column][vc_column width=&#8220;1\/2&#8243; css=&#8220;.vc_custom_1702898666136{padding-left: 60px !important;}&#8220;][mk_fancy_title tag_name=&#8220;h4&#8243; color=&#8220;#3c3234&#8243; size=&#8220;34&#8243; font_weight=&#8220;400&#8243; font_style=&#8220;normal&#8220; txt_transform=&#8220;none&#8220; font_family=&#8220;Playfair+Display&#8220; font_type=&#8220;google&#8220; responsive_align=&#8220;left&#8220; animation=&#8220;left-to-right&#8220;]Monovarietales Oliven\u00f6l von Raggia Collelago[\/mk_fancy_title][vc_column_text disable_pattern=&#8220;false&#8220; animation=&#8220;left-to-right&#8220; css=&#8220;.vc_custom_1740327100542{margin-bottom: 0px !important;}&#8220;]Das Monovarietale Oliven\u00f6l von Raggia, mit seinen gr\u00fcnen Reflexen, hebt die Eigenschaften einer einzigen, ausgew\u00e4hlten Sorte hervor. Die Raggia schenkt uns ein mittellustiges, fruchtiges \u00d6l mit grasigen T\u00f6nen, einem ausgepr\u00e4gten Geschmack von frischer Mandel sowie einem mittelhohen bitteren und scharfen Nachgeschmack. Es ist hervorragend geeignet f\u00fcr die Kombination mit kr\u00e4ftigen Gerichten.<\/p>\n<p>Erh\u00e4ltlich in einer einzigen Gr\u00f6\u00dfe: <strong>Flasche 0,50 LT<\/strong><\/p>\n<p><strong>PREISE UND AUSZEICHNUNGEN:<\/strong><\/p>\n<p><strong>Gambero Rosso Oli D&#8217;Italia 2025<\/strong><\/p>\n<p>-Due Foglie Rosse<\/p>\n<p><strong>Amap Marche<\/strong><\/p>\n<p>-Catalogo Rassegna Nazionale degli Oli Monovarietali 2024.[\/vc_column_text][vc_gallery type=&#8220;image_grid&#8220; images=&#8220;4684&#8243; img_size=&#8220;100&#215;100&#8243; onclick=&#8220;&#8220;][\/vc_column][\/vc_row][vc_row fullwidth=&#8220;true&#8220; fullwidth_content=&#8220;false&#8220; visibility=&#8220;visible-sm&#8220; css=&#8220;.vc_custom_1704972637905{background-color: #ffffff !important;}&#8220;][vc_column width=&#8220;1\/3&#8243;][mk_padding_divider][mk_fancy_title tag_name=&#8220;h4&#8243; color=&#8220;#3c3234&#8243; size=&#8220;34&#8243; font_weight=&#8220;400&#8243; font_style=&#8220;normal&#8220; txt_transform=&#8220;none&#8220; font_family=&#8220;Playfair+Display&#8220; font_type=&#8220;google&#8220; responsive_align=&#8220;left&#8220; animation=&#8220;left-to-right&#8220;]Der Olivenhain[\/mk_fancy_title][mk_image src=&#8220;https:\/\/www.collelago.it\/wp-content\/uploads\/2018\/01\/collelago-uliveto-1.jpg&#8220; image_size=&#8220;full&#8220; animation=&#8220;fade-in&#8220;][vc_column_text disable_pattern=&#8220;false&#8220; animation=&#8220;left-to-right&#8220; css=&#8220;.vc_custom_1743533576549{margin-bottom: 0px !important;}&#8220;]In Collelago gibt es <strong>6 Hektar Olivenhain IGP<\/strong>, wo die <strong>Biodiversit\u00e4t<\/strong> das vorherrschende Merkmal ist. Es gibt etwa <strong>1200 Olivenb\u00e4ume<\/strong>, die auf <strong>12 typische Sorten aus den Marken<\/strong> aufgeteilt sind und das <strong>biologische Oliven\u00f6l &#8222;Collelago\u201c<\/strong> hervorbringen.<\/p>\n<p>Die <strong>Produktionszone<\/strong> ist in Massignano umgeben, eine H\u00fcgelgegend in einer H\u00f6he von etwa 180 m \u00fc.d.M. und nur 4 km von der K\u00fcste entfernt, wo im <strong>Zusammenspiel von Land und Meer<\/strong> besonders wertvolle und g\u00fcnstige Bedingungen f\u00fcr den Olivenanbau geschaffen werden.<\/p>\n<p>Das Land wird der <strong>Spontanbegr\u00fcnung \u00fcberlassen<\/strong>. Nach der Wiederaufnahme der vegetativen Phase folgen die Phasen des Schneidens, D\u00fcngens und Beschneidens.<\/p>\n<p>Die <strong>Beschneidung<\/strong> wird von erfahrenen H\u00e4nden durchgef\u00fchrt, die \u00fcbersch\u00fcssige \u00c4ste entfernen und die Pflanze formen, um ideale Bedingungen f\u00fcr die Produktion von sch\u00f6nen und gesunden Oliven zu schaffen. Die <strong>manuelle Ernte<\/strong> erfolgt, wenn die Olivenfarbe von gr\u00fcn zu violett wechselt, um den optimalen Reifegrad und einen hohen Gehalt an Polyphenolen sowie ausgepr\u00e4gte organoleptische Eigenschaften zu gew\u00e4hrleisten.<\/p>\n<p>Am Ende des Erntetages sind die Oliven <strong>in weniger als 12 Stunden<\/strong> bereits in der <strong>M\u00fchle<\/strong> und werden mit einer Mori High-End-Durchlaufanlage verarbeitet. <strong>Die Temperatur<\/strong> w\u00e4hrend des Prozesses ist konstant und <strong>liegt unter 27\u00b0<\/strong>.<\/p>\n<p><strong>Die Extraktion erfolgt in zwei Stufen<\/strong>, was den Vorteil hat, dass weniger Wasser verwendet wird und die wasserl\u00f6slichen Wirkstoffe des \u00d6ls, wie die Polyphenole, erhalten bleiben.<\/p>\n<p>Das <strong>Endprodukt<\/strong>, wird ausschlie\u00dflich durch Karton gefiltert und in Edelstahlbeh\u00e4lter aufbewahrt, somit von Licht gesch\u00fctzt und bei einer konstanten Temperatur zwischen 14\u00b0 und 18\u00b0 Grad gelagert.[\/vc_column_text][\/vc_column][vc_column width=&#8220;1\/3&#8243;][mk_padding_divider size=&#8220;20&#8243;][mk_fancy_title tag_name=&#8220;h4&#8243; color=&#8220;#3c3234&#8243; size=&#8220;34&#8243; font_weight=&#8220;400&#8243; font_style=&#8220;normal&#8220; txt_transform=&#8220;none&#8220; font_family=&#8220;Playfair+Display&#8220; font_type=&#8220;google&#8220; responsive_align=&#8220;left&#8220; animation=&#8220;left-to-right&#8220;]Blend Oliven\u00f6l Collelago[\/mk_fancy_title][mk_image src=&#8220;https:\/\/www.collelago.it\/wp-content\/uploads\/2024\/11\/collelago_olio_bottiglie-copia.jpg&#8220; image_size=&#8220;full&#8220; animation=&#8220;fade-in&#8220;][vc_column_text disable_pattern=&#8220;false&#8220; animation=&#8220;left-to-right&#8220; css=&#8220;.vc_custom_1776438132717{margin-bottom: 0px !important;}&#8220;]Das Blend Olio Collelago wird aus insgesamt <strong>11 autochthonen Sorten<\/strong> gewonnen, die je nach Saison in variabler Menge vorhanden sind. Ascolana Tenera, Carboncella, Coroncina, Leccino, Nebbia della Menocchia, Orbetana, Piantone di Falerone, Piantone di Mogliano, Raggia, Rosciola Colli Esini, Sargano di Fermo machen, jede mit ihren eigenen Eigenschaften, das Oliven\u00f6l evo bio Collelago jedes Jahr einzigartig und reichhaltig.<\/p>\n<p>Erh\u00e4ltlich in 3 Formaten: <strong>Bag in Box 5 LT<\/strong> und <strong>Flaschen 0,75 und 0,25 LT<\/strong>.<\/p>\n<p><strong>PREISE UND AUSZEICHNUNGEN:<\/strong><\/p>\n<p><strong>Gambero Rosso Oli D&#8217;Italia 2025<\/strong><\/p>\n<p>-Due Foglie<\/p>\n<p><strong>L\u2019Oro delle Marche 2024, OLEA<\/strong><br \/>\n&#8211; Primo premio Oro Bio<br \/>\n&#8211; Primo premio Categoria \u201cfruttato intenso\u201d<br \/>\n&#8211; Gocce d\u2019oro O.L.E.A<br \/>\n&#8211; Lode di eccellenza<\/p>\n<p><strong>Slow Food &#8211; Guida Extravergini 2025 + 2026<\/strong><\/p>\n<p>-Premio Grande Olio Slow[\/vc_column_text][vc_gallery type=&#8220;image_grid&#8220; images=&#8220;4684,4584,4587&#8243; img_size=&#8220;100&#215;100&#8243; onclick=&#8220;&#8220;][\/vc_column][vc_column width=&#8220;1\/3&#8243;][mk_padding_divider][mk_fancy_title tag_name=&#8220;h4&#8243; color=&#8220;#3c3234&#8243; size=&#8220;34&#8243; font_weight=&#8220;400&#8243; font_style=&#8220;normal&#8220; txt_transform=&#8220;none&#8220; font_family=&#8220;Playfair+Display&#8220; font_type=&#8220;google&#8220; responsive_align=&#8220;left&#8220; animation=&#8220;left-to-right&#8220;]Monovarietales Oliven\u00f6l von Raggia Collelago[\/mk_fancy_title][mk_image src=&#8220;https:\/\/www.collelago.it\/wp-content\/uploads\/2024\/11\/collelago_olio-monovarietale-di-raggia.jpg&#8220; image_size=&#8220;full&#8220; animation=&#8220;fade-in&#8220;][vc_column_text disable_pattern=&#8220;false&#8220; animation=&#8220;left-to-right&#8220; css=&#8220;.vc_custom_1740327233875{margin-bottom: 0px !important;}&#8220;]Das Monovarietale Oliven\u00f6l von Raggia, mit seinen gr\u00fcnen Reflexen, hebt die Eigenschaften einer einzigen, ausgew\u00e4hlten Sorte hervor. Die Raggia schenkt uns ein mittellustiges, fruchtiges \u00d6l mit grasigen T\u00f6nen, einem ausgepr\u00e4gten Geschmack von frischer Mandel sowie einem mittelhohen bitteren und scharfen Nachgeschmack. Es ist hervorragend geeignet f\u00fcr die Kombination mit kr\u00e4ftigen Gerichten.<\/p>\n<p>Erh\u00e4ltlich in einer einzigen Gr\u00f6\u00dfe: <strong>Flasche 0,50 LT<\/strong><\/p>\n<p><strong>PREISE UND AUSZEICHNUNGEN:<\/strong><\/p>\n<p><strong>Gambero Rosso Oli D&#8217;Italia 2025<\/strong><\/p>\n<p>-Due Foglie Rosse<\/p>\n<p><strong>Amap Marche<\/strong><\/p>\n<p>-Catalogo Rassegna Nazionale degli Oli Monovarietali 2024.[\/vc_column_text][vc_gallery type=&#8220;image_grid&#8220; images=&#8220;4684&#8243; img_size=&#8220;100&#215;100&#8243; onclick=&#8220;&#8220;][\/vc_column][\/vc_row][vc_row fullwidth=&#8220;true&#8220; fullwidth_content=&#8220;false&#8220; css=&#8220;.vc_custom_1759488000015{padding-top: 60px !important;padding-bottom: 60px !important;background-color: #ffffff !important;}&#8220;][vc_column][mk_fancy_title strip_tags=&#8220;true&#8220; tag_name=&#8220;h3&#8243; color=&#8220;#3b312e&#8220; size=&#8220;34&#8243; font_weight=&#8220;400&#8243; font_style=&#8220;normal&#8220; txt_transform=&#8220;none&#8220; margin_bottom=&#8220;&#8220; font_family=&#8220;Playfair+Display&#8220; font_type=&#8220;google&#8220;]\n<h3>Von der Ernte bis zur Abf\u00fcllung<\/h3>\n[\/mk_fancy_title][mk_gallery images=&#8220;2348,4462,4465,4296,4673,4287&#8243; image_size=&#8220;full&#8220; item_spacing=&#8220;15&#8243; margin_bottom=&#8220;15&#8243;][\/vc_column][\/vc_row]\n<\/div>","protected":false},"excerpt":{"rendered":"<p>[mk_page_section bg_image=&#8220;https:\/\/www.collelago.it\/wp-content\/uploads\/2024\/12\/collelago_raccolta-olive-29.jpg&#8220; bg_position=&#8220;center top&#8220; bg_repeat=&#8220;no-repeat&#8220; bg_stretch=&#8220;true&#8220; enable_3d=&#8220;true&#8220; bg_gradient=&#8220;vertical&#8220; video_color_mask=&#8220;rgba(60,50,46,0.9)&#8220; gr_end=&#8220;rgba(60,50,46,0.2)&#8220; video_opacity=&#8220;0.65&#8243; full_height=&#8220;true&#8220; skip_arrow=&#8220;true&#8220; sidebar=&#8220;sidebar-1&#8243;][vc_column width=&#8220;1\/4&#8243;][\/vc_column][vc_column width=&#8220;1\/2&#8243;][mk_ornamental_title tag_name=&#8220;h1&#8243; text_color=&#8220;#fafafa&#8220; font_family=&#8220;Playfair+Display&#8220; font_type=&#8220;google&#8220; font_size=&#8220;52&#8243; font_weight=&#8220;400&#8243; font_style=&#8220;normal&#8220; txt_transform=&#8220;none&#8220; ornament_style=&#8220;rovi-double&#8220; ornament_color=&#8220;rgba(250,250,250,0)&#8220; animation=&#8220;fade-in&#8220;] OLIVEN\u00d6L [\/mk_ornamental_title][\/vc_column][vc_column width=&#8220;1\/4&#8243;][\/vc_column][\/mk_page_section][vc_row fullwidth=&#8220;true&#8220; fullwidth_content=&#8220;false&#8220; visibility=&#8220;hidden-sm&#8220; css=&#8220;.vc_custom_1726577536827{padding-top: 60px !important;padding-bottom: 60px !important;background-color: #ffffff !important;}&#8220;][vc_column width=&#8220;1\/2&#8243;][mk_image src=&#8220;https:\/\/www.collelago.it\/wp-content\/uploads\/2025\/02\/collelago_raccolta-olive-119.jpg&#8220; image_size=&#8220;full&#8220; animation=&#8220;fade-in&#8220;][\/vc_column][vc_column width=&#8220;1\/2&#8243; css=&#8220;.vc_custom_1702898666136{padding-left: 60px !important;}&#8220;][mk_fancy_title tag_name=&#8220;h4&#8243; color=&#8220;#3c3234&#8243; size=&#8220;34&#8243; font_weight=&#8220;400&#8243; font_style=&#8220;normal&#8220; txt_transform=&#8220;none&#8220; font_family=&#8220;Playfair+Display&#8220; [&hellip;]<\/p>\n","protected":false},"author":1,"featured_media":0,"parent":0,"menu_order":0,"comment_status":"closed","ping_status":"closed","template":"","meta":{"footnotes":""},"yoast_head":"<!-- This site is optimized with the Yoast SEO plugin v24.3 - https:\/\/yoast.com\/wordpress\/plugins\/seo\/ -->\n<title>Olivenhain &amp; Natives Oliven\u00f6l Extra \u2013 Agrirelais Collelago<\/title>\n<meta name=\"description\" content=\"Entdecken Sie unser Bio-Oliven\u00f6l Extra Vergine, hergestellt aus dem Olivenhain rund um das Agrirelais Collelago. Der Geschmack der Marken in jedem Tropfen.\" \/>\n<meta name=\"robots\" content=\"index, follow, max-snippet:-1, max-image-preview:large, max-video-preview:-1\" \/>\n<link rel=\"canonical\" href=\"https:\/\/www.collelago.it\/de\/olivenhain-und-oel\/\" \/>\n<meta property=\"og:locale\" content=\"de_DE\" \/>\n<meta property=\"og:type\" content=\"article\" \/>\n<meta property=\"og:title\" content=\"Olivenhain &amp; Natives Oliven\u00f6l Extra \u2013 Agrirelais Collelago\" \/>\n<meta property=\"og:description\" content=\"Entdecken Sie unser Bio-Oliven\u00f6l Extra Vergine, hergestellt aus dem Olivenhain rund um das Agrirelais Collelago. Der Geschmack der Marken in jedem Tropfen.\" \/>\n<meta property=\"og:url\" content=\"https:\/\/www.collelago.it\/de\/olivenhain-und-oel\/\" \/>\n<meta property=\"og:site_name\" content=\"Agrirelais Collelago\" \/>\n<meta property=\"article:publisher\" content=\"https:\/\/www.facebook.com\/agrirelais.collelago\/\" \/>\n<meta property=\"article:modified_time\" content=\"2026-04-17T15:02:00+00:00\" \/>\n<meta name=\"twitter:card\" content=\"summary_large_image\" \/>\n<meta name=\"twitter:label1\" content=\"Gesch\u00e4tzte Lesezeit\" \/>\n\t<meta name=\"twitter:data1\" content=\"10\u00a0Minuten\" \/>\n<script type=\"application\/ld+json\" class=\"yoast-schema-graph\">{\"@context\":\"https:\/\/schema.org\",\"@graph\":[{\"@type\":\"WebPage\",\"@id\":\"https:\/\/www.collelago.it\/de\/olivenhain-und-oel\/\",\"url\":\"https:\/\/www.collelago.it\/de\/olivenhain-und-oel\/\",\"name\":\"Olivenhain & Natives Oliven\u00f6l Extra \u2013 Agrirelais Collelago\",\"isPartOf\":{\"@id\":\"https:\/\/www.collelago.it\/#website\"},\"datePublished\":\"2018-01-19T17:20:22+00:00\",\"dateModified\":\"2026-04-17T15:02:00+00:00\",\"description\":\"Entdecken Sie unser Bio-Oliven\u00f6l Extra Vergine, hergestellt aus dem Olivenhain rund um das Agrirelais Collelago. Der Geschmack der Marken in jedem Tropfen.\",\"inLanguage\":\"de\",\"potentialAction\":[{\"@type\":\"ReadAction\",\"target\":[\"https:\/\/www.collelago.it\/de\/olivenhain-und-oel\/\"]}]},{\"@type\":\"WebSite\",\"@id\":\"https:\/\/www.collelago.it\/#website\",\"url\":\"https:\/\/www.collelago.it\/\",\"name\":\"Agrirelais Collelago\",\"description\":\"Agriturismo nelle Marche a pochi km dal mare\",\"publisher\":{\"@id\":\"https:\/\/www.collelago.it\/#organization\"},\"potentialAction\":[{\"@type\":\"SearchAction\",\"target\":{\"@type\":\"EntryPoint\",\"urlTemplate\":\"https:\/\/www.collelago.it\/?s={search_term_string}\"},\"query-input\":{\"@type\":\"PropertyValueSpecification\",\"valueRequired\":true,\"valueName\":\"search_term_string\"}}],\"inLanguage\":\"de\"},{\"@type\":\"Organization\",\"@id\":\"https:\/\/www.collelago.it\/#organization\",\"name\":\"Agrirelais Collelago\",\"url\":\"https:\/\/www.collelago.it\/\",\"logo\":{\"@type\":\"ImageObject\",\"inLanguage\":\"de\",\"@id\":\"https:\/\/www.collelago.it\/#\/schema\/logo\/image\/\",\"url\":\"https:\/\/www.collelago.it\/wp-content\/uploads\/2018\/01\/logo-color.png\",\"contentUrl\":\"https:\/\/www.collelago.it\/wp-content\/uploads\/2018\/01\/logo-color.png\",\"width\":152,\"height\":140,\"caption\":\"Agrirelais Collelago\"},\"image\":{\"@id\":\"https:\/\/www.collelago.it\/#\/schema\/logo\/image\/\"},\"sameAs\":[\"https:\/\/www.facebook.com\/agrirelais.collelago\/\",\"https:\/\/www.instagram.com\/agrirelais_collelago\/\"]}]}<\/script>\n<!-- \/ Yoast SEO plugin. -->","yoast_head_json":{"title":"Olivenhain & Natives Oliven\u00f6l Extra \u2013 Agrirelais Collelago","description":"Entdecken Sie unser Bio-Oliven\u00f6l Extra Vergine, hergestellt aus dem Olivenhain rund um das Agrirelais Collelago. Der Geschmack der Marken in jedem Tropfen.","robots":{"index":"index","follow":"follow","max-snippet":"max-snippet:-1","max-image-preview":"max-image-preview:large","max-video-preview":"max-video-preview:-1"},"canonical":"https:\/\/www.collelago.it\/de\/olivenhain-und-oel\/","og_locale":"de_DE","og_type":"article","og_title":"Olivenhain & Natives Oliven\u00f6l Extra \u2013 Agrirelais Collelago","og_description":"Entdecken Sie unser Bio-Oliven\u00f6l Extra Vergine, hergestellt aus dem Olivenhain rund um das Agrirelais Collelago. Der Geschmack der Marken in jedem Tropfen.","og_url":"https:\/\/www.collelago.it\/de\/olivenhain-und-oel\/","og_site_name":"Agrirelais Collelago","article_publisher":"https:\/\/www.facebook.com\/agrirelais.collelago\/","article_modified_time":"2026-04-17T15:02:00+00:00","twitter_card":"summary_large_image","twitter_misc":{"Gesch\u00e4tzte Lesezeit":"10\u00a0Minuten"},"schema":{"@context":"https:\/\/schema.org","@graph":[{"@type":"WebPage","@id":"https:\/\/www.collelago.it\/de\/olivenhain-und-oel\/","url":"https:\/\/www.collelago.it\/de\/olivenhain-und-oel\/","name":"Olivenhain & Natives Oliven\u00f6l Extra \u2013 Agrirelais Collelago","isPartOf":{"@id":"https:\/\/www.collelago.it\/#website"},"datePublished":"2018-01-19T17:20:22+00:00","dateModified":"2026-04-17T15:02:00+00:00","description":"Entdecken Sie unser Bio-Oliven\u00f6l Extra Vergine, hergestellt aus dem Olivenhain rund um das Agrirelais Collelago. Der Geschmack der Marken in jedem Tropfen.","inLanguage":"de","potentialAction":[{"@type":"ReadAction","target":["https:\/\/www.collelago.it\/de\/olivenhain-und-oel\/"]}]},{"@type":"WebSite","@id":"https:\/\/www.collelago.it\/#website","url":"https:\/\/www.collelago.it\/","name":"Agrirelais Collelago","description":"Agriturismo nelle Marche a pochi km dal mare","publisher":{"@id":"https:\/\/www.collelago.it\/#organization"},"potentialAction":[{"@type":"SearchAction","target":{"@type":"EntryPoint","urlTemplate":"https:\/\/www.collelago.it\/?s={search_term_string}"},"query-input":{"@type":"PropertyValueSpecification","valueRequired":true,"valueName":"search_term_string"}}],"inLanguage":"de"},{"@type":"Organization","@id":"https:\/\/www.collelago.it\/#organization","name":"Agrirelais Collelago","url":"https:\/\/www.collelago.it\/","logo":{"@type":"ImageObject","inLanguage":"de","@id":"https:\/\/www.collelago.it\/#\/schema\/logo\/image\/","url":"https:\/\/www.collelago.it\/wp-content\/uploads\/2018\/01\/logo-color.png","contentUrl":"https:\/\/www.collelago.it\/wp-content\/uploads\/2018\/01\/logo-color.png","width":152,"height":140,"caption":"Agrirelais Collelago"},"image":{"@id":"https:\/\/www.collelago.it\/#\/schema\/logo\/image\/"},"sameAs":["https:\/\/www.facebook.com\/agrirelais.collelago\/","https:\/\/www.instagram.com\/agrirelais_collelago\/"]}]}},"_links":{"self":[{"href":"https:\/\/www.collelago.it\/de\/wp-json\/wp\/v2\/pages\/4277"}],"collection":[{"href":"https:\/\/www.collelago.it\/de\/wp-json\/wp\/v2\/pages"}],"about":[{"href":"https:\/\/www.collelago.it\/de\/wp-json\/wp\/v2\/types\/page"}],"author":[{"embeddable":true,"href":"https:\/\/www.collelago.it\/de\/wp-json\/wp\/v2\/users\/1"}],"replies":[{"embeddable":true,"href":"https:\/\/www.collelago.it\/de\/wp-json\/wp\/v2\/comments?post=4277"}],"version-history":[{"count":30,"href":"https:\/\/www.collelago.it\/de\/wp-json\/wp\/v2\/pages\/4277\/revisions"}],"predecessor-version":[{"id":5023,"href":"https:\/\/www.collelago.it\/de\/wp-json\/wp\/v2\/pages\/4277\/revisions\/5023"}],"wp:attachment":[{"href":"https:\/\/www.collelago.it\/de\/wp-json\/wp\/v2\/media?parent=4277"}],"curies":[{"name":"wp","href":"https:\/\/api.w.org\/{rel}","templated":true}]}}